{"id":58,"date":"2017-10-23T13:15:59","date_gmt":"2017-10-23T12:15:59","guid":{"rendered":"http:\/\/pavinde20.com\/index.php\/aviso-legal\/"},"modified":"2017-10-23T13:15:59","modified_gmt":"2017-10-23T12:15:59","slug":"aviso-legal","status":"publish","type":"page","link":"https:\/\/pavinde20.com\/index.php\/aviso-legal\/","title":{"rendered":"Aviso legal"},"content":{"rendered":"<p>\n    <strong>AVISO LEGAL<\/strong>\n<\/p>\n<p>\n    <strong>1. Identificaci\u00f3n y contacto del propietario de la web.<\/strong>\n<\/p>\n<p>\n    http:\/\/pavinde20.com (en adelante la web) es propiedad de Pavinde-20, S.L. (en adelante el Titular) con domicilio en C\/ La Eliana, 5, 10, 46920, Mislata, Valencia, Espa\u00f1a, con CIF\/NIF B97511786 tel\u00e9fono 685.974.713 y correo electr\u00f3nico info@pavinde20.com.\n<\/p>\n<p>\n    <strong>Otros datos del propietario:<\/strong>\n<\/p>\n<p>\n    Datos de inscripci\u00f3n en Registro Mercantil: \n<\/p>\n<p>\n    C\u00f3digos de conducta adheridos: \n<\/p>\n<p>\n    Autorizaci\u00f3n administrativa especial: \n<\/p>\n<p>\n    Datos colegiaci\u00f3n: \n<\/p>\n<p>\n    <strong>2. \u00c1mbito de aplicaci\u00f3n<\/strong>\n<\/p>\n<p>\n    La navegaci\u00f3n por el sitio web del Titular implica asumir la condici\u00f3n de usuario y la aceptaci\u00f3n absoluta de lo manifestado en este Aviso Legal.\n<\/p>\n<p>\n    <strong>3. Edad.<\/strong>\n<\/p>\n<p>\n    El registro en nuestra web est\u00e1 dirigido a mayores de dieciocho (18) a\u00f1os. Si se detectara el registro de un menor de 18 a\u00f1os, esa cuenta ser\u00e1 autom\u00e1ticamente eliminada.\n<\/p>\n<p>\n    <strong>4. Propiedad intelectual o industrial.<\/strong>\n<\/p>\n<p>\n    Los contenidos de la Web, por ejemplo textos, im\u00e1genes, gr\u00e1ficos o c\u00f3digo fuente, est\u00e1n protegidos por derechos de propiedad intelectual e industrial.\n<\/p>\n<p>\n    Tales contenidos no podr\u00e1n ser, por ejemplo, reproducidos o transformados sin el permiso previo y expl\u00edcito del Titular. Los usuarios pueden acceder a los contenidos y realizar copias privadas autorizadas siempre que los elementos reproducidos no sean cedidos posteriormente a terceros, ni se instalen en servidores en red, ni sean objeto de ning\u00fan tipo de explotaci\u00f3n.\n<\/p>\n<p>\n    <strong>5. Normas comunes de uso de la web.<\/strong>\n<\/p>\n<p>\n    El usuario se compromete a hacer un uso de la Web de acuerdo a las siguientes normas:\n<\/p>\n<ul>\n<li>\n<p>\n            No publicar\u00e1 comunicaciones comerciales a trav\u00e9s del sitio web.\n        <\/p>\n<\/li>\n<li>\n<p>\n            No recopilar\u00e1 contenido o informaci\u00f3n de otros usuarios.\n        <\/p>\n<\/li>\n<li>\n<p>\n            No cargar\u00e1 virus ni c\u00f3digo malintencionado de ning\u00fan tipo.\n        <\/p>\n<\/li>\n<li>\n<p>\n            No solicitar\u00e1 informaci\u00f3n de inicio de sesi\u00f3n ni acceder\u00e1 a una cuenta perteneciente a otro usuario.\n        <\/p>\n<\/li>\n<li>\n<p>\n            No molestar\u00e1, intimidar\u00e1 ni acosar\u00e1 a ning\u00fan usuario.\n        <\/p>\n<\/li>\n<li>\n<p>\n            No realizar\u00e1 actos il\u00edcitos, enga\u00f1osos, malintencionados o discriminatorios en el sitio web, de acuerdo a estas condiciones y al ordenamiento<br \/>\n            jur\u00eddico espa\u00f1ol.\n        <\/p>\n<\/li>\n<li>\n<p>\n            No har\u00e1 nada que pueda poner en peligro la seguridad de su cuenta, especialmente respecto a su contrase\u00f1a. De hecho, comunicar\u00e1 cualquier incidencia relacionada con su contrase\u00f1a, cuenta, vulneraci\u00f3n de la confidencialidad de tus datos, peligro o amenaza detectada en la seguridad de sus datos.\n        <\/p>\n<\/li>\n<\/ul>\n<p>\n    El Titular podr\u00e1 eliminar cualquier contenido o suspender el servicio si seg\u00fan su propio criterio, incumple cualquiera de las normas y obligaciones descritas en este Aviso Legal.\n<\/p>\n<p>\n    Para cualquier consulta o aclaraci\u00f3n sobre estas normas comunitarias en particular o estas condiciones en particular, puede contactarnos v\u00eda email.\n<\/p>\n<p>\n    <strong>6. Enlaces y limitaci\u00f3n de responsabilidad.<\/strong>\n<\/p>\n<p>\n    El establecimiento de un hiperenlace no implica en ning\u00fan caso la existencia de relaciones entre el Titular y el propietario del sitio web en la que se establezca, ni la aceptaci\u00f3n y aprobaci\u00f3n por parte del Titular de sus contenidos o servicios. Aquellas personas que se propongan establecer un hiperenlace previamente deber\u00e1n solicitar autorizaci\u00f3n por escrito al Titular. En todo caso, el hiperenlace \u00fanicamente permitir\u00e1 el acceso a la p\u00e1gina de inicio de nuestro sitio web, asimismo deber\u00e1 abstenerse de realizar manifestaciones o indicaciones falsas, inexactas o incorrectas sobre el Titular, o incluir contenidos il\u00edcitos, contrarios a las buenas costumbres y al orden p\u00fablico.\n<\/p>\n<p>\n    El Titular no se responsabiliza del uso que cada usuario le d\u00e9 a los materiales puestos a disposici\u00f3n en este sitio web ni de las actuaciones que realice en base a los mismos. El contenido de la Web es de car\u00e1cter general y meramente informativo.\n<\/p>\n<p>\n    El Titular no asumir\u00e1 responsabilidad por el contenido o funcionamiento de webs de terceros a los que el usuario de la Tienda pueda acceder mediante cualquier tipo de enlace.\n<\/p>\n<p>\n    El Titular declina cualquier responsabilidad, hasta donde permita el ordenamiento jur\u00eddico, por los da\u00f1os y perjuicios derivados de la presencia de virus, de las actuaciones de terceros que vulneren derechos de propiedad, al honor, a la intimidad o sobre publicidad il\u00edcita.\n<\/p>\n<p>\n    Si alg\u00fan usuario o tercero considera que en la Web se est\u00e1 cometiendo alg\u00fan il\u00edcito de cualquier tipo debe remitir una comunicaci\u00f3n al Titular a la direcci\u00f3n de email que aparece en nuestros datos identificativos. Deber\u00e1 identificarse debidamente especificando los hechos que denuncia.\n<\/p>\n<p>\n    <strong>7. Privacidad.<\/strong>\n<\/p>\n<p>\n    Si en la Web se recabaran datos personales, el Titular ser\u00e1 responsable de los mismos y los tratar\u00e1 con absoluta confidencialidad y seguridad. Podr\u00e1 encontrar m\u00e1s informaci\u00f3n sobre nuestra pol\u00edtica de privacidad y cookies en la p\u00e1gina espec\u00edfica de informaci\u00f3n sobre esta cuesti\u00f3n.\n<\/p>\n<p>\n    <strong>8. Legislaci\u00f3n aplicable, soluci\u00f3n de cuestiones controvertidas y foro competente<\/strong>\n<\/p>\n<p>\n    El uso de la Web se regir\u00e1 por la legislaci\u00f3n espa\u00f1ola. Cualquier controversia que surja o guarde relaci\u00f3n con el uso de la Web, ser\u00e1 sometido a la jurisdicci\u00f3n no exclusiva de los Juzgados y Tribunales del municipio donde radica el domicilio social del Titular, salvo que la normativa en vigor o el c\u00f3digo de conducta establezca foro distinto.<\/p>\n","protected":false},"excerpt":{"rendered":"<p>AVISO LEGAL 1. Identificaci\u00f3n y contacto del propietario de la web. (en adelante la web) es propiedad de (en adelante el Titular) con domicilio en , Espa\u00f1a, con CIF\/NIF tel\u00e9fono y correo electr\u00f3nico . Otros datos del propietario: Datos de inscripci\u00f3n en Registro Mercantil: C\u00f3digos de conducta adheridos: Autorizaci\u00f3n administrativa especial: Datos colegiaci\u00f3n: 2. \u00c1mbito [&hellip;]<\/p>\n","protected":false},"author":1,"featured_media":0,"parent":0,"menu_order":0,"comment_status":"closed","ping_status":"closed","template":"","meta":{"footnotes":""},"class_list":["post-58","page","type-page","status-publish","hentry"],"yoast_head":"<!-- This site is optimized with the Yoast SEO plugin v26.3 - https:\/\/yoast.com\/wordpress\/plugins\/seo\/ -->\n<title>Aviso legal | Pavinde-20, S.L.<\/title>\n<meta name=\"robots\" content=\"index, follow, max-snippet:-1, max-image-preview:large, max-video-preview:-1\" \/>\n<link rel=\"canonical\" href=\"https:\/\/pavinde20.com\/index.php\/aviso-legal\/\" \/>\n<meta property=\"og:locale\" content=\"es_ES\" \/>\n<meta property=\"og:type\" content=\"article\" \/>\n<meta property=\"og:title\" content=\"Aviso legal | Pavinde-20, S.L.\" \/>\n<meta property=\"og:description\" content=\"AVISO LEGAL 1. Identificaci\u00f3n y contacto del propietario de la web. (en adelante la web) es propiedad de (en adelante el Titular) con domicilio en , Espa\u00f1a, con CIF\/NIF tel\u00e9fono y correo electr\u00f3nico . Otros datos del propietario: Datos de inscripci\u00f3n en Registro Mercantil: C\u00f3digos de conducta adheridos: Autorizaci\u00f3n administrativa especial: Datos colegiaci\u00f3n: 2. \u00c1mbito [&hellip;]\" \/>\n<meta property=\"og:url\" content=\"https:\/\/pavinde20.com\/index.php\/aviso-legal\/\" \/>\n<meta property=\"og:site_name\" content=\"Pavinde-20, S.L.\" \/>\n<meta name=\"twitter:card\" content=\"summary_large_image\" \/>\n<meta name=\"twitter:label1\" content=\"Tiempo de lectura\" \/>\n\t<meta name=\"twitter:data1\" content=\"4 minutos\" \/>\n<script type=\"application\/ld+json\" class=\"yoast-schema-graph\">{\"@context\":\"https:\/\/schema.org\",\"@graph\":[{\"@type\":\"WebPage\",\"@id\":\"https:\/\/pavinde20.com\/index.php\/aviso-legal\/\",\"url\":\"https:\/\/pavinde20.com\/index.php\/aviso-legal\/\",\"name\":\"Aviso legal | Pavinde-20, S.L.\",\"isPartOf\":{\"@id\":\"https:\/\/pavinde20.com\/#website\"},\"datePublished\":\"2017-10-23T12:15:59+00:00\",\"breadcrumb\":{\"@id\":\"https:\/\/pavinde20.com\/index.php\/aviso-legal\/#breadcrumb\"},\"inLanguage\":\"es\",\"potentialAction\":[{\"@type\":\"ReadAction\",\"target\":[\"https:\/\/pavinde20.com\/index.php\/aviso-legal\/\"]}]},{\"@type\":\"BreadcrumbList\",\"@id\":\"https:\/\/pavinde20.com\/index.php\/aviso-legal\/#breadcrumb\",\"itemListElement\":[{\"@type\":\"ListItem\",\"position\":1,\"name\":\"Portada\",\"item\":\"https:\/\/pavinde20.com\/\"},{\"@type\":\"ListItem\",\"position\":2,\"name\":\"Aviso legal\"}]},{\"@type\":\"WebSite\",\"@id\":\"https:\/\/pavinde20.com\/#website\",\"url\":\"https:\/\/pavinde20.com\/\",\"name\":\"Pavinde-20, S.L.\",\"description\":\"Hormigon impreso econ\u00f3mico y de calidad\",\"potentialAction\":[{\"@type\":\"SearchAction\",\"target\":{\"@type\":\"EntryPoint\",\"urlTemplate\":\"https:\/\/pavinde20.com\/?s={search_term_string}\"},\"query-input\":{\"@type\":\"PropertyValueSpecification\",\"valueRequired\":true,\"valueName\":\"search_term_string\"}}],\"inLanguage\":\"es\"}]}<\/script>\n<!-- \/ Yoast SEO plugin. -->","yoast_head_json":{"title":"Aviso legal | Pavinde-20, S.L.","robots":{"index":"index","follow":"follow","max-snippet":"max-snippet:-1","max-image-preview":"max-image-preview:large","max-video-preview":"max-video-preview:-1"},"canonical":"https:\/\/pavinde20.com\/index.php\/aviso-legal\/","og_locale":"es_ES","og_type":"article","og_title":"Aviso legal | Pavinde-20, S.L.","og_description":"AVISO LEGAL 1. Identificaci\u00f3n y contacto del propietario de la web. (en adelante la web) es propiedad de (en adelante el Titular) con domicilio en , Espa\u00f1a, con CIF\/NIF tel\u00e9fono y correo electr\u00f3nico . Otros datos del propietario: Datos de inscripci\u00f3n en Registro Mercantil: C\u00f3digos de conducta adheridos: Autorizaci\u00f3n administrativa especial: Datos colegiaci\u00f3n: 2. \u00c1mbito [&hellip;]","og_url":"https:\/\/pavinde20.com\/index.php\/aviso-legal\/","og_site_name":"Pavinde-20, S.L.","twitter_card":"summary_large_image","twitter_misc":{"Tiempo de lectura":"4 minutos"},"schema":{"@context":"https:\/\/schema.org","@graph":[{"@type":"WebPage","@id":"https:\/\/pavinde20.com\/index.php\/aviso-legal\/","url":"https:\/\/pavinde20.com\/index.php\/aviso-legal\/","name":"Aviso legal | Pavinde-20, S.L.","isPartOf":{"@id":"https:\/\/pavinde20.com\/#website"},"datePublished":"2017-10-23T12:15:59+00:00","breadcrumb":{"@id":"https:\/\/pavinde20.com\/index.php\/aviso-legal\/#breadcrumb"},"inLanguage":"es","potentialAction":[{"@type":"ReadAction","target":["https:\/\/pavinde20.com\/index.php\/aviso-legal\/"]}]},{"@type":"BreadcrumbList","@id":"https:\/\/pavinde20.com\/index.php\/aviso-legal\/#breadcrumb","itemListElement":[{"@type":"ListItem","position":1,"name":"Portada","item":"https:\/\/pavinde20.com\/"},{"@type":"ListItem","position":2,"name":"Aviso legal"}]},{"@type":"WebSite","@id":"https:\/\/pavinde20.com\/#website","url":"https:\/\/pavinde20.com\/","name":"Pavinde-20, S.L.","description":"Hormigon impreso econ\u00f3mico y de calidad","potentialAction":[{"@type":"SearchAction","target":{"@type":"EntryPoint","urlTemplate":"https:\/\/pavinde20.com\/?s={search_term_string}"},"query-input":{"@type":"PropertyValueSpecification","valueRequired":true,"valueName":"search_term_string"}}],"inLanguage":"es"}]}},"_links":{"self":[{"href":"https:\/\/pavinde20.com\/index.php\/wp-json\/wp\/v2\/pages\/58","targetHints":{"allow":["GET"]}}],"collection":[{"href":"https:\/\/pavinde20.com\/index.php\/wp-json\/wp\/v2\/pages"}],"about":[{"href":"https:\/\/pavinde20.com\/index.php\/wp-json\/wp\/v2\/types\/page"}],"author":[{"embeddable":true,"href":"https:\/\/pavinde20.com\/index.php\/wp-json\/wp\/v2\/users\/1"}],"replies":[{"embeddable":true,"href":"https:\/\/pavinde20.com\/index.php\/wp-json\/wp\/v2\/comments?post=58"}],"version-history":[{"count":0,"href":"https:\/\/pavinde20.com\/index.php\/wp-json\/wp\/v2\/pages\/58\/revisions"}],"wp:attachment":[{"href":"https:\/\/pavinde20.com\/index.php\/wp-json\/wp\/v2\/media?parent=58"}],"curies":[{"name":"wp","href":"https:\/\/api.w.org\/{rel}","templated":true}]}}